{"id":2,"date":"2024-10-09T14:15:05","date_gmt":"2024-10-09T17:15:05","guid":{"rendered":"https:\/\/saraguedespsicologia.com.br\/agendamento\/?page_id=2"},"modified":"2025-09-11T18:16:38","modified_gmt":"2025-09-11T21:16:38","slug":"home","status":"publish","type":"page","link":"https:\/\/saraguedespsicologia.com.br\/agendamento\/","title":{"rendered":"Home"},"content":{"rendered":"\t\t<div data-elementor-type=\"wp-page\" data-elementor-id=\"2\" class=\"elementor elementor-2\" data-elementor-settings=\"[]\">\n\t\t\t\t\t\t\t<div class=\"elementor-section-wrap\">\n\t\t\t\t\t\t\t<section class=\"elementor-section elementor-top-section elementor-element elementor-element-f524977 elementor-section-boxed elementor-section-height-default elementor-section-height-default\" data-id=\"f524977\" data-element_type=\"section\" data-settings=\"{&quot;background_background&quot;:&quot;classic&quot;}\">\n\t\t\t\t\t\t\t<div class=\"elementor-background-overlay\"><\/div>\n\t\t\t\t\t\t\t<div class=\"elementor-container elementor-column-gap-default\">\n\t\t\t\t\t<div class=\"elementor-column elementor-col-100 elementor-top-column elementor-element elementor-element-690dafe\" data-id=\"690dafe\" data-element_type=\"column\">\n\t\t\t<div class=\"elementor-widget-wrap elementor-element-populated\">\n\t\t\t\t\t\t\t\t<div class=\"elementor-element elementor-element-b7905af elementor-widget elementor-widget-heading\" data-id=\"b7905af\" data-element_type=\"widget\" data-widget_type=\"heading.default\">\n\t\t\t\t<div class=\"elementor-widget-container\">\n\t\t\t<style>\/*! elementor - v3.5.6 - 28-02-2022 *\/\n.elementor-heading-title{padding:0;margin:0;line-height:1}.elementor-widget-heading .elementor-heading-title[class*=elementor-size-]>a{color:inherit;font-size:inherit;line-height:inherit}.elementor-widget-heading .elementor-heading-title.elementor-size-small{font-size:15px}.elementor-widget-heading .elementor-heading-title.elementor-size-medium{font-size:19px}.elementor-widget-heading .elementor-heading-title.elementor-size-large{font-size:29px}.elementor-widget-heading .elementor-heading-title.elementor-size-xl{font-size:39px}.elementor-widget-heading .elementor-heading-title.elementor-size-xxl{font-size:59px}<\/style><h2 class=\"elementor-heading-title elementor-size-default\">PORQUE CADA RELA\u00c7\u00c3O TEM SUAS NECESSIDADES<\/h2>\t\t<\/div>\n\t\t\t\t<\/div>\n\t\t\t\t<section class=\"elementor-section elementor-inner-section elementor-element elementor-element-6fa0fd0 elementor-section-full_width elementor-section-height-default elementor-section-height-default\" data-id=\"6fa0fd0\" data-element_type=\"section\">\n\t\t\t\t\t\t<div class=\"elementor-container elementor-column-gap-default\">\n\t\t\t\t\t<div class=\"elementor-column elementor-col-25 elementor-inner-column elementor-element elementor-element-1397f56\" data-id=\"1397f56\" data-element_type=\"column\" data-settings=\"{&quot;background_background&quot;:&quot;classic&quot;}\">\n\t\t\t<div class=\"elementor-widget-wrap elementor-element-populated\">\n\t\t\t\t\t\t\t\t<div class=\"elementor-element elementor-element-3495fe0 elementor-widget elementor-widget-heading\" data-id=\"3495fe0\" data-element_type=\"widget\" data-widget_type=\"heading.default\">\n\t\t\t\t<div class=\"elementor-widget-container\">\n\t\t\t<div class=\"elementor-heading-title elementor-size-default\">PLANO 1<br><br>\nCONVERSAS QUE APROXIMAM<\/div>\t\t<\/div>\n\t\t\t\t<\/div>\n\t\t\t\t<div class=\"elementor-element elementor-element-4bfc4cf elementor-widget elementor-widget-text-editor\" data-id=\"4bfc4cf\" data-element_type=\"widget\" data-widget_type=\"text-editor.default\">\n\t\t\t\t<div class=\"elementor-widget-container\">\n\t\t\t<style>\/*! elementor - v3.5.6 - 28-02-2022 *\/\n.elementor-widget-text-editor.elementor-drop-cap-view-stacked .elementor-drop-cap{background-color:#818a91;color:#fff}.elementor-widget-text-editor.elementor-drop-cap-view-framed .elementor-drop-cap{color:#818a91;border:3px solid;background-color:transparent}.elementor-widget-text-editor:not(.elementor-drop-cap-view-default) .elementor-drop-cap{margin-top:8px}.elementor-widget-text-editor:not(.elementor-drop-cap-view-default) .elementor-drop-cap-letter{width:1em;height:1em}.elementor-widget-text-editor .elementor-drop-cap{float:left;text-align:center;line-height:1;font-size:50px}.elementor-widget-text-editor .elementor-drop-cap-letter{display:inline-block}<\/style>\t\t\t\t<p>Indicado para casais que j\u00e1 n\u00e3o suportam o peso das brigas constantes e percebem que a rela\u00e7\u00e3o tem se tornado um ciclo de m\u00e1goas, ressentimentos e afastamento.<\/p><p><strong>O que este plano prop\u00f5e:<\/strong> Caminhos para dialogar de forma mais clara, compreender melhor os sentimentos de cada um, lidar com desentendimentos antes que cres\u00e7am e criar momentos de conex\u00e3o, tornando a vida a dois mais leve, pr\u00f3xima e harmoniosa.<\/p><p><strong>Acompanhamento Semanal o Quinzenal<\/strong><\/p><p><strong>Sess\u00f5es de 50 minutos<\/strong><br \/><strong>R$ 300,00\/sess\u00e3o<\/strong><\/p>\t\t\t\t\t\t<\/div>\n\t\t\t\t<\/div>\n\t\t\t\t\t<\/div>\n\t\t<\/div>\n\t\t\t\t<div class=\"elementor-column elementor-col-25 elementor-inner-column elementor-element elementor-element-f60264c\" data-id=\"f60264c\" data-element_type=\"column\" data-settings=\"{&quot;background_background&quot;:&quot;classic&quot;}\">\n\t\t\t<div class=\"elementor-widget-wrap elementor-element-populated\">\n\t\t\t\t\t\t\t\t<div class=\"elementor-element elementor-element-465bce6 elementor-widget elementor-widget-heading\" data-id=\"465bce6\" data-element_type=\"widget\" data-widget_type=\"heading.default\">\n\t\t\t\t<div class=\"elementor-widget-container\">\n\t\t\t<div class=\"elementor-heading-title elementor-size-default\">PLANO 2<br><br>\nENTENDER ANTES DE DECIDIR<\/div>\t\t<\/div>\n\t\t\t\t<\/div>\n\t\t\t\t<div class=\"elementor-element elementor-element-3c06a6e elementor-widget elementor-widget-text-editor\" data-id=\"3c06a6e\" data-element_type=\"widget\" data-widget_type=\"text-editor.default\">\n\t\t\t\t<div class=\"elementor-widget-container\">\n\t\t\t\t\t\t\t<p>Indicado para casais que carregam a dor de descobrir que a confian\u00e7a foi quebrada, vivendo momentos de ang\u00fastia, d\u00favidas sobre inten\u00e7\u00f5es e medo de novas decep\u00e7\u00f5es.<\/p><p><strong>O que este plano prop\u00f5e:<\/strong> Um espa\u00e7o para expressar sentimentos dif\u00edceis, al\u00e9m de explorar pequenos passos que podem aproximar o casal ou ajudar a tomar decis\u00f5es, trazendo clareza, fortalecimento emocional e mais tranquilidade diante do futuro da rela\u00e7\u00e3o.<\/p><p><strong>Acompanhamento Semanal ou Quinzenal<\/strong><\/p><p><strong>Sess\u00f5es de 50 minutos<\/strong><br \/><strong>R$ 300,00\/sess\u00e3o<\/strong><\/p>\t\t\t\t\t\t<\/div>\n\t\t\t\t<\/div>\n\t\t\t\t\t<\/div>\n\t\t<\/div>\n\t\t\t\t<div class=\"elementor-column elementor-col-25 elementor-inner-column elementor-element elementor-element-7d62a01\" data-id=\"7d62a01\" data-element_type=\"column\" data-settings=\"{&quot;background_background&quot;:&quot;classic&quot;}\">\n\t\t\t<div class=\"elementor-widget-wrap elementor-element-populated\">\n\t\t\t\t\t\t\t\t<div class=\"elementor-element elementor-element-88f1c1e elementor-widget elementor-widget-heading\" data-id=\"88f1c1e\" data-element_type=\"widget\" data-widget_type=\"heading.default\">\n\t\t\t\t<div class=\"elementor-widget-container\">\n\t\t\t<div class=\"elementor-heading-title elementor-size-default\">PLANO 3<br><br>\nV\u00cdNCULO \u00cdNTIMO RENOVADO<\/div>\t\t<\/div>\n\t\t\t\t<\/div>\n\t\t\t\t<div class=\"elementor-element elementor-element-1964b92 elementor-widget elementor-widget-text-editor\" data-id=\"1964b92\" data-element_type=\"widget\" data-widget_type=\"text-editor.default\">\n\t\t\t\t<div class=\"elementor-widget-container\">\n\t\t\t\t\t\t\t<p>Indicado para casais que percebem que a intimidade n\u00e3o desperta mais alegria ou prazer, gerando sentimento de frustra\u00e7\u00e3o, desmotiva\u00e7\u00e3o e distanciamento.<\/p><p><strong>O que este plano prop\u00f5e: <\/strong>Um espa\u00e7o para expressar sentimentos e desafios nos momentos \u00edntimos, compreender o que tem afastado voc\u00eas e experimentar a\u00e7\u00f5es pr\u00e1ticas que aproximem o casal, resgatando prazer e cumplicidade.<\/p><p><strong>Acompanhamento Semanal ou Quinzenal<\/strong><\/p><p><strong>Sess\u00f5es de 50 minutos<\/strong><br \/><strong>R$ 325,00\/sess\u00e3o<\/strong><\/p>\t\t\t\t\t\t<\/div>\n\t\t\t\t<\/div>\n\t\t\t\t\t<\/div>\n\t\t<\/div>\n\t\t\t\t<div class=\"elementor-column elementor-col-25 elementor-inner-column elementor-element elementor-element-5dfd188\" data-id=\"5dfd188\" data-element_type=\"column\" data-settings=\"{&quot;background_background&quot;:&quot;classic&quot;}\">\n\t\t\t<div class=\"elementor-widget-wrap elementor-element-populated\">\n\t\t\t\t\t\t\t\t<div class=\"elementor-element elementor-element-473dc4b elementor-widget elementor-widget-heading\" data-id=\"473dc4b\" data-element_type=\"widget\" data-widget_type=\"heading.default\">\n\t\t\t\t<div class=\"elementor-widget-container\">\n\t\t\t<div class=\"elementor-heading-title elementor-size-default\">PLANO 4<br><br>\nREENCONTRANDO CAMINHOS A DOIS<\/div>\t\t<\/div>\n\t\t\t\t<\/div>\n\t\t\t\t<div class=\"elementor-element elementor-element-2e28520 elementor-widget elementor-widget-text-editor\" data-id=\"2e28520\" data-element_type=\"widget\" data-widget_type=\"text-editor.default\">\n\t\t\t\t<div class=\"elementor-widget-container\">\n\t\t\t\t\t\t\t<p>Indicado para casais que percebem que a rela\u00e7\u00e3o se distanciou do que os unia, sentem falta de cumplicidade e parceria, questionam o sentido da rela\u00e7\u00e3o e cogitam a separa\u00e7\u00e3o.<\/p><p><strong>O que este plano prop\u00f5e<\/strong>: Suporte para criar novas rotinas de aten\u00e7\u00e3o, carinho e presen\u00e7a na vida a dois, restaurar o di\u00e1logo e implementar pr\u00e1ticas que mantenham a rela\u00e7\u00e3o fortalecida, oferecendo alternativas \u00e0 separa\u00e7\u00e3o.<\/p><p><strong>Acompanhamento Semanal ou Quinzenal<\/strong><\/p><p><strong>Sess\u00f5es de 50 minutos<\/strong><br \/><strong>R$ 300,00\/sess\u00e3o<\/strong><\/p>\t\t\t\t\t\t<\/div>\n\t\t\t\t<\/div>\n\t\t\t\t\t<\/div>\n\t\t<\/div>\n\t\t\t\t\t\t\t<\/div>\n\t\t<\/section>\n\t\t\t\t<div class=\"elementor-element elementor-element-0445399 elementor-widget elementor-widget-spacer\" data-id=\"0445399\" data-element_type=\"widget\" data-widget_type=\"spacer.default\">\n\t\t\t\t<div class=\"elementor-widget-container\">\n\t\t\t\t\t<div class=\"elementor-spacer\">\n\t\t\t<div class=\"elementor-spacer-inner\"><\/div>\n\t\t<\/div>\n\t\t\t\t<\/div>\n\t\t\t\t<\/div>\n\t\t\t\t<div class=\"elementor-element elementor-element-1ebb9e8 elementor-widget elementor-widget-text-editor\" data-id=\"1ebb9e8\" data-element_type=\"widget\" data-widget_type=\"text-editor.default\">\n\t\t\t\t<div class=\"elementor-widget-container\">\n\t\t\t\t\t\t\t<p>Agende nossa primeira conversa e explore os desafios da rela\u00e7\u00e3o com apoio profissional.<\/p>\t\t\t\t\t\t<\/div>\n\t\t\t\t<\/div>\n\t\t\t\t<div class=\"elementor-element elementor-element-ec11b71 elementor-widget elementor-widget-heading\" data-id=\"ec11b71\" data-element_type=\"widget\" data-widget_type=\"heading.default\">\n\t\t\t\t<div class=\"elementor-widget-container\">\n\t\t\t<h2 class=\"elementor-heading-title elementor-size-default\">AGENDE DE ONDE ESTIVER<\/h2>\t\t<\/div>\n\t\t\t\t<\/div>\n\t\t\t\t<div class=\"elementor-element elementor-element-4baba62 elementor-widget elementor-widget-spacer\" data-id=\"4baba62\" data-element_type=\"widget\" data-widget_type=\"spacer.default\">\n\t\t\t\t<div class=\"elementor-widget-container\">\n\t\t\t\t\t<div class=\"elementor-spacer\">\n\t\t\t<div class=\"elementor-spacer-inner\"><\/div>\n\t\t<\/div>\n\t\t\t\t<\/div>\n\t\t\t\t<\/div>\n\t\t\t\t<section class=\"elementor-section elementor-inner-section elementor-element elementor-element-ec8e119 elementor-section-boxed elementor-section-height-default elementor-section-height-default\" data-id=\"ec8e119\" data-element_type=\"section\">\n\t\t\t\t\t\t<div class=\"elementor-container elementor-column-gap-default\">\n\t\t\t\t\t<div class=\"elementor-column elementor-col-100 elementor-inner-column elementor-element elementor-element-02174db\" data-id=\"02174db\" data-element_type=\"column\" data-settings=\"{&quot;background_background&quot;:&quot;classic&quot;}\">\n\t\t\t<div class=\"elementor-widget-wrap elementor-element-populated\">\n\t\t\t\t\t\t\t\t<div class=\"elementor-element elementor-element-7d58652 elementor-widget elementor-widget-jet-engine-booking-form\" data-id=\"7d58652\" data-element_type=\"widget\" data-widget_type=\"jet-engine-booking-form.default\">\n\t\t\t\t<div class=\"elementor-widget-container\">\n\t\t\t<form  class=\"jet-form layout-column submit-type-reload\" action=\"\/agendamento\/wp-json\/wp\/v2\/pages\/2?jet_engine_action=book&#038;nocache=1776677577\" method=\"POST\" data-form-id=\"34\"><input class=\"jet-form__field hidden-field\" type=\"hidden\" name=\"_jet_engine_booking_form_id\" value=\"34\" data-field-name=\"_jet_engine_booking_form_id\"><input class=\"jet-form__field hidden-field\" type=\"hidden\" name=\"_jet_engine_refer\" value=\"https:\/\/saraguedespsicologia.com.br\/agendamento\/wp-json\/wp\/v2\/pages\/2\" data-field-name=\"_jet_engine_refer\"><div  class=\"jet-form-row jet-form-row--hidden\"><div class=\"jet-form-col jet-form-col-12  field-type-hidden  jet-form-field-container\" data-field=\"page_id\" data-conditional=\"false\"><input class=\"jet-form__field hidden-field\" type=\"hidden\" name=\"page_id\" value=\"2\" data-field-name=\"page_id\"><\/div><\/div><div  class=\"jet-form-row jet-form-row--first-visible\"><div class=\"jet-form-col jet-form-col-12  field-type-select  jet-form-field-container\" data-field=\"service_id\" data-conditional=\"false\"><div class=\"jet-form__label\">\n\t<span class=\"jet-form__label-text\" >Selecionar servi\u00e7o<span class=\"jet-form__required\">*<\/span><\/span>\n\t<\/div><select  required=\"required\" name=\"service_id\" data-field-name=\"service_id\" id=\"service_id\" data-default-val=\"\" class=\"jet-form__field select-field\"><option value=\"\" selected>Selecionar...<\/option><option value=\"16\" >Agendamento Primeira Conversa R$ 127,00<\/option><\/select><\/div><\/div><div  class=\"jet-form-row\"><div class=\"jet-form-col jet-form-col-12  field-type-appointment_date  jet-form-field-container\" data-field=\"appointment_date\" data-conditional=\"false\"><div class=\"jet-apb-calendar-wrapper\">\n\t<div class=\"appointment-calendar jet-apb-calendar\" data-args=\"{&quot;booking_type&quot;:&quot;slot&quot;,&quot;excludedDates&quot;:[],&quot;datesMode&quot;:&quot;override_days&quot;,&quot;worksDates&quot;:[],&quot;datesRange&quot;:{&quot;start&quot;:0,&quot;end&quot;:0},&quot;availableWeekDays&quot;:[&quot;monday&quot;,&quot;thursday&quot;,&quot;friday&quot;],&quot;service&quot;:{&quot;field&quot;:&quot;service_id&quot;},&quot;providerIsset&quot;:false,&quot;provider&quot;:false,&quot;inputName&quot;:&quot;appointment_date&quot;,&quot;isRequired&quot;:true,&quot;allowedServices&quot;:false}\"><\/div>\n\n\t\t<div class=\"jet-apb-calendar-appointments-list-wrapper\" style=\"display: none\">\n\t\t<div class=\"jet-form__heading\">\n\t\t\t<span class=\"jet-form__label-text\">Detalhes do agendamento:<\/span>\n\t\t<\/div>\n\t\t<div class=\"jet-apb-calendar-appointments-list\"><\/div>\n\t<\/div>\n\t<div class=\"jet-apb-calendar-notification\" style=\"display: none\">\n\t\t<div class=\"jet-apb-calendar-notification-service\">Por favor, selecione o servi\u00e7o primeiro.<\/div>\n\t\t<div class=\"jet-apb-calendar-notification-provider\">Por favor, selecione o provedor primeiro.<\/div>\n\t\t<div class=\"jet-apb-calendar-notification-service-field\">Defina o campo de servi\u00e7o para o calend\u00e1rio atual<\/div>\n\t\t<div class=\"jet-apb-calendar-notification-max-slots\">Desculpe. Voc\u00ea atingiu o n\u00famero m\u00e1ximo de compromissos.<\/div>\n\t<\/div>\n<\/div>\n<\/div><\/div><div  class=\"jet-form-row jet-form-row--hidden\"><div class=\"jet-form-col jet-form-col-12  field-type-calculated  jet-form-field-container\" data-field=\"valor\" data-conditional=\"false\"><div class=\"jet-form__calculated-field jet-form__calculated-field--hidden\" data-formula=\"%appointment_date%\" data-name=\"valor\" data-listen_to=\"[&quot;appointment_date&quot;]\" data-precision=\"2\">\n\t\t<input type=\"hidden\" name=\"valor\" value=\"\" class=\"jet-form__calculated-field-input jet-form__field\" data-field-name=\"valor\">\n\t\t<\/div><\/div><\/div><div  class=\"jet-form-row\"><div class=\"jet-form-col jet-form-col-12  field-type-text  jet-form-field-container\" data-field=\"field_name\" data-conditional=\"false\"><div class=\"jet-form__label\">\n\t<span class=\"jet-form__label-text\" >Nome completo<span class=\"jet-form__required\">*<\/span><\/span>\n\t<\/div><input class=\"jet-form__field text-field \" placeholder=\"Nome completo\" value=\"\" required=\"required\" name=\"field_name\" id=\"field_name\" type=\"text\" data-field-name=\"field_name\"><\/div><\/div><div  class=\"jet-form-row\"><div class=\"jet-form-col jet-form-col-12  field-type-text  jet-form-field-container\" data-field=\"field_email\" data-conditional=\"false\"><div class=\"jet-form__label\">\n\t<span class=\"jet-form__label-text\" >E-mail<span class=\"jet-form__required\">*<\/span><\/span>\n\t<\/div><input class=\"jet-form__field text-field \" placeholder=\"E-mail\" value=\"\" required=\"required\" name=\"field_email\" id=\"field_email\" type=\"email\" data-field-name=\"field_email\"><\/div><\/div><div  class=\"jet-form-row\"><div class=\"jet-form-col jet-form-col-12  field-type-text  jet-form-field-container\" data-field=\"tel_celular\" data-conditional=\"false\"><div class=\"jet-form__label\">\n\t<span class=\"jet-form__label-text\" >WhatsApp<span class=\"jet-form__required\">*<\/span><\/span>\n\t<\/div><input class=\"jet-form__field text-field \" placeholder=\"WhatsApp\" value=\"\" required=\"required\" name=\"tel_celular\" id=\"tel_celular\" type=\"tel\" data-field-name=\"tel_celular\"><\/div><\/div><div  class=\"jet-form-row jet-form-row--submit\"><div class=\"jet-form-col jet-form-col-12  field-type-submit  jet-form-field-container\" data-field=\"Submit\" data-conditional=\"false\"><div class=\"jet-form__submit-wrap\">\n\t\t<button class=\"jet-form__submit submit-type-reload\" type=\"submit\">Prosseguir para pagamento<\/button>\n<\/div><\/div><\/div><input class=\"jet-form__field hidden-field\" type=\"hidden\" name=\"_jet_engine_nonce\" value=\"4c3380e99a\" data-field-name=\"_jet_engine_nonce\"><\/form>\t\t<\/div>\n\t\t\t\t<\/div>\n\t\t\t\t\t<\/div>\n\t\t<\/div>\n\t\t\t\t\t\t\t<\/div>\n\t\t<\/section>\n\t\t\t\t\t<\/div>\n\t\t<\/div>\n\t\t\t\t\t\t\t<\/div>\n\t\t<\/section>\n\t\t\t\t\t\t<\/div>\n\t\t\t\t\t<\/div>\n\t\t","protected":false},"excerpt":{"rendered":"<p>PORQUE CADA RELA\u00c7\u00c3O TEM SUAS NECESSIDADES PLANO 1 CONVERSAS QUE APROXIMAM Indicado para casais que j\u00e1 n\u00e3o suportam o peso das brigas constantes e percebem que a rela\u00e7\u00e3o tem se tornado um ciclo de m\u00e1goas, ressentimentos e afastamento. O que este plano prop\u00f5e: Caminhos para dialogar de forma mais clara, compreender melhor os sentimentos de [&hellip;]<\/p>\n","protected":false},"author":1,"featured_media":0,"parent":0,"menu_order":0,"comment_status":"closed","ping_status":"closed","template":"","meta":{"footnotes":""},"class_list":["post-2","page","type-page","status-publish","hentry"],"yoast_head":"<!-- This site is optimized with the Yoast SEO plugin v23.9 - https:\/\/yoast.com\/wordpress\/plugins\/seo\/ -->\n<title>Sara Guedes - Psic\u00f3loga Especialista em Relacionamentos<\/title>\n<meta name=\"description\" content=\"Psic\u00f3loga especialista em relacionamentos, atrav\u00e9s da rela\u00e7\u00e3o terap\u00eautica, te ajudo a viver de forma consciente entre em contato e saiba mais.\" \/>\n<meta name=\"robots\" content=\"index, follow, max-snippet:-1, max-image-preview:large, max-video-preview:-1\" \/>\n<link rel=\"canonical\" href=\"https:\/\/saraguedespsicologia.com.br\/agendamento\/\" \/>\n<meta property=\"og:locale\" content=\"pt_BR\" \/>\n<meta property=\"og:type\" content=\"article\" \/>\n<meta property=\"og:title\" content=\"Sara Guedes - Psic\u00f3loga Especialista em Relacionamentos\" \/>\n<meta property=\"og:description\" content=\"Psic\u00f3loga especialista em relacionamentos, atrav\u00e9s da rela\u00e7\u00e3o terap\u00eautica, te ajudo a viver de forma consciente entre em contato e saiba mais.\" \/>\n<meta property=\"og:url\" content=\"https:\/\/saraguedespsicologia.com.br\/agendamento\/\" \/>\n<meta property=\"og:site_name\" content=\"Sara Guedes - Psic\u00f3loga Especialista em Relacionamentos\" \/>\n<meta property=\"article:modified_time\" content=\"2025-09-11T21:16:38+00:00\" \/>\n<meta name=\"twitter:card\" content=\"summary_large_image\" \/>\n<meta name=\"twitter:label1\" content=\"Est. tempo de leitura\" \/>\n\t<meta name=\"twitter:data1\" content=\"3 minutos\" \/>\n<script type=\"application\/ld+json\" class=\"yoast-schema-graph\">{\"@context\":\"https:\/\/schema.org\",\"@graph\":[{\"@type\":\"WebPage\",\"@id\":\"https:\/\/saraguedespsicologia.com.br\/agendamento\/\",\"url\":\"https:\/\/saraguedespsicologia.com.br\/agendamento\/\",\"name\":\"Sara Guedes - Psic\u00f3loga Especialista em Relacionamentos\",\"isPartOf\":{\"@id\":\"https:\/\/saraguedespsicologia.com.br\/agendamento\/#website\"},\"datePublished\":\"2024-10-09T17:15:05+00:00\",\"dateModified\":\"2025-09-11T21:16:38+00:00\",\"description\":\"Psic\u00f3loga especialista em relacionamentos, atrav\u00e9s da rela\u00e7\u00e3o terap\u00eautica, te ajudo a viver de forma consciente entre em contato e saiba mais.\",\"breadcrumb\":{\"@id\":\"https:\/\/saraguedespsicologia.com.br\/agendamento\/#breadcrumb\"},\"inLanguage\":\"pt-BR\",\"potentialAction\":[{\"@type\":\"ReadAction\",\"target\":[\"https:\/\/saraguedespsicologia.com.br\/agendamento\/\"]}]},{\"@type\":\"BreadcrumbList\",\"@id\":\"https:\/\/saraguedespsicologia.com.br\/agendamento\/#breadcrumb\",\"itemListElement\":[{\"@type\":\"ListItem\",\"position\":1,\"name\":\"In\u00edcio\",\"item\":\"https:\/\/saraguedespsicologia.com.br\/agendamento\/\"},{\"@type\":\"ListItem\",\"position\":2,\"name\":\"Home\"}]},{\"@type\":\"WebSite\",\"@id\":\"https:\/\/saraguedespsicologia.com.br\/agendamento\/#website\",\"url\":\"https:\/\/saraguedespsicologia.com.br\/agendamento\/\",\"name\":\"Sara Guedes - Psic\u00f3loga Especialista em Relacionamentos\",\"description\":\"\",\"potentialAction\":[{\"@type\":\"SearchAction\",\"target\":{\"@type\":\"EntryPoint\",\"urlTemplate\":\"https:\/\/saraguedespsicologia.com.br\/agendamento\/?s={search_term_string}\"},\"query-input\":{\"@type\":\"PropertyValueSpecification\",\"valueRequired\":true,\"valueName\":\"search_term_string\"}}],\"inLanguage\":\"pt-BR\"}]}<\/script>\n<!-- \/ Yoast SEO plugin. -->","yoast_head_json":{"title":"Sara Guedes - Psic\u00f3loga Especialista em Relacionamentos","description":"Psic\u00f3loga especialista em relacionamentos, atrav\u00e9s da rela\u00e7\u00e3o terap\u00eautica, te ajudo a viver de forma consciente entre em contato e saiba mais.","robots":{"index":"index","follow":"follow","max-snippet":"max-snippet:-1","max-image-preview":"max-image-preview:large","max-video-preview":"max-video-preview:-1"},"canonical":"https:\/\/saraguedespsicologia.com.br\/agendamento\/","og_locale":"pt_BR","og_type":"article","og_title":"Sara Guedes - Psic\u00f3loga Especialista em Relacionamentos","og_description":"Psic\u00f3loga especialista em relacionamentos, atrav\u00e9s da rela\u00e7\u00e3o terap\u00eautica, te ajudo a viver de forma consciente entre em contato e saiba mais.","og_url":"https:\/\/saraguedespsicologia.com.br\/agendamento\/","og_site_name":"Sara Guedes - Psic\u00f3loga Especialista em Relacionamentos","article_modified_time":"2025-09-11T21:16:38+00:00","twitter_card":"summary_large_image","twitter_misc":{"Est. tempo de leitura":"3 minutos"},"schema":{"@context":"https:\/\/schema.org","@graph":[{"@type":"WebPage","@id":"https:\/\/saraguedespsicologia.com.br\/agendamento\/","url":"https:\/\/saraguedespsicologia.com.br\/agendamento\/","name":"Sara Guedes - Psic\u00f3loga Especialista em Relacionamentos","isPartOf":{"@id":"https:\/\/saraguedespsicologia.com.br\/agendamento\/#website"},"datePublished":"2024-10-09T17:15:05+00:00","dateModified":"2025-09-11T21:16:38+00:00","description":"Psic\u00f3loga especialista em relacionamentos, atrav\u00e9s da rela\u00e7\u00e3o terap\u00eautica, te ajudo a viver de forma consciente entre em contato e saiba mais.","breadcrumb":{"@id":"https:\/\/saraguedespsicologia.com.br\/agendamento\/#breadcrumb"},"inLanguage":"pt-BR","potentialAction":[{"@type":"ReadAction","target":["https:\/\/saraguedespsicologia.com.br\/agendamento\/"]}]},{"@type":"BreadcrumbList","@id":"https:\/\/saraguedespsicologia.com.br\/agendamento\/#breadcrumb","itemListElement":[{"@type":"ListItem","position":1,"name":"In\u00edcio","item":"https:\/\/saraguedespsicologia.com.br\/agendamento\/"},{"@type":"ListItem","position":2,"name":"Home"}]},{"@type":"WebSite","@id":"https:\/\/saraguedespsicologia.com.br\/agendamento\/#website","url":"https:\/\/saraguedespsicologia.com.br\/agendamento\/","name":"Sara Guedes - Psic\u00f3loga Especialista em Relacionamentos","description":"","potentialAction":[{"@type":"SearchAction","target":{"@type":"EntryPoint","urlTemplate":"https:\/\/saraguedespsicologia.com.br\/agendamento\/?s={search_term_string}"},"query-input":{"@type":"PropertyValueSpecification","valueRequired":true,"valueName":"search_term_string"}}],"inLanguage":"pt-BR"}]}},"_links":{"self":[{"href":"https:\/\/saraguedespsicologia.com.br\/agendamento\/wp-json\/wp\/v2\/pages\/2","targetHints":{"allow":["GET"]}}],"collection":[{"href":"https:\/\/saraguedespsicologia.com.br\/agendamento\/wp-json\/wp\/v2\/pages"}],"about":[{"href":"https:\/\/saraguedespsicologia.com.br\/agendamento\/wp-json\/wp\/v2\/types\/page"}],"author":[{"embeddable":true,"href":"https:\/\/saraguedespsicologia.com.br\/agendamento\/wp-json\/wp\/v2\/users\/1"}],"replies":[{"embeddable":true,"href":"https:\/\/saraguedespsicologia.com.br\/agendamento\/wp-json\/wp\/v2\/comments?post=2"}],"version-history":[{"count":67,"href":"https:\/\/saraguedespsicologia.com.br\/agendamento\/wp-json\/wp\/v2\/pages\/2\/revisions"}],"predecessor-version":[{"id":223,"href":"https:\/\/saraguedespsicologia.com.br\/agendamento\/wp-json\/wp\/v2\/pages\/2\/revisions\/223"}],"wp:attachment":[{"href":"https:\/\/saraguedespsicologia.com.br\/agendamento\/wp-json\/wp\/v2\/media?parent=2"}],"curies":[{"name":"wp","href":"https:\/\/api.w.org\/{rel}","templated":true}]}}